{"id":1091,"date":"2021-11-26T08:45:55","date_gmt":"2021-11-26T06:45:55","guid":{"rendered":"https:\/\/kamurestaurant.sivustamo.com\/sekretesspolicy\/"},"modified":"2023-09-04T12:21:06","modified_gmt":"2023-09-04T09:21:06","slug":"sekretesspolicy","status":"publish","type":"page","link":"https:\/\/kamurestaurant.fi\/sv\/sekretesspolicy\/","title":{"rendered":"Sekretesspolicy"},"content":{"rendered":"\t\t<div data-elementor-type=\"wp-page\" data-elementor-id=\"1091\" class=\"elementor elementor-1091 elementor-496\" data-elementor-post-type=\"page\">\n\t\t\t\t\t\t<section class=\"elementor-section elementor-top-section elementor-element elementor-element-3bb599dc elementor-section-boxed elementor-section-height-default elementor-section-height-default\" data-id=\"3bb599dc\" data-element_type=\"section\" data-e-type=\"section\">\n\t\t\t\t\t\t<div class=\"elementor-container elementor-column-gap-default\">\n\t\t\t\t\t<div class=\"elementor-column elementor-col-100 elementor-top-column elementor-element elementor-element-3e2b2c21\" data-id=\"3e2b2c21\" data-element_type=\"column\" data-e-type=\"column\">\n\t\t\t<div class=\"elementor-widget-wrap elementor-element-populated\">\n\t\t\t\t\t\t<div class=\"elementor-element elementor-element-1f8825c3 elementor-widget elementor-widget-shortcode\" data-id=\"1f8825c3\" data-element_type=\"widget\" data-e-type=\"widget\" data-widget_type=\"shortcode.default\">\n\t\t\t\t<div class=\"elementor-widget-container\">\n\t\t\t\t\t\t\t<div class=\"elementor-shortcode\">\n<!-- Legal document generated by Complianz | GDPR\/CCPA Cookie Consent https:\/\/wordpress.org\/plugins\/complianz-gdpr -->\n<div id=\"cmplz-document\" class=\"cmplz-document privacy-statement cmplz-document-eu\"><p><i>Denna integritetspolicy uppdaterades senast den 5 mars 2024 och g\u00e4ller f\u00f6r medborgare och lagligt permanent bosatta i Europeiska ekonomiska samarbetsomr\u00e5det och Schweiz.<\/i><br \/><br \/><\/p><p><p>I den h\u00e4r sekretesspolicyn redog\u00f6r vi f\u00f6r vad vi g\u00f6r med de uppgifter som vi f\u00e5r om dig via <a href=\"https:\/\/kamurestaurant.fi\/sv\/\">https:\/\/kamurestaurant.fi\/sv\/<\/a>. Vi rekommenderar att du l\u00e4ser denna redog\u00f6relse noggrant. Vid v\u00e5r behandling f\u00f6ljer vi kraven i lagstiftningen om skydd av personuppgifter. Det inneb\u00e4r bland annat att:<\/p><ul>\n                <li>vi redog\u00f6r tydligt f\u00f6r de syften f\u00f6r vilka vi behandlar personuppgifter. Detta g\u00f6r vi genom denna integritetspolicy;<\/li>\n                <li>vi str\u00e4var efter att begr\u00e4nsa v\u00e5r insamling av personuppgifter till endast de personuppgifter som kr\u00e4vs f\u00f6r legitima \u00e4ndam\u00e5l;<\/li>\n                <li>vi beg\u00e4r f\u00f6rst ditt uttryckliga samtycke f\u00f6r att behandla dina personuppgifter i de fall som kr\u00e4ver ditt samtycke;<\/li>\n                <li>vi vidtar l\u00e4mpliga s\u00e4kerhets\u00e5tg\u00e4rder f\u00f6r att skydda dina personuppgifter och kr\u00e4ver detta \u00e4ven av de parter som behandlar personuppgifter f\u00f6r v\u00e5r r\u00e4kning;<\/li>\n                <li>vi respekterar din r\u00e4tt att f\u00e5 tillg\u00e5ng till dina personuppgifter eller att f\u00e5 dem korrigerade eller raderade p\u00e5 din beg\u00e4ran.<\/li>\n            <\/ul><p>Om du har n\u00e5gra fr\u00e5gor eller vill veta exakt vilka uppgifter vi har om dig, v\u00e4nligen kontakta oss.<\/p><\/p><h2>1. Syfte, uppgifter och lagringsperiod<\/h2>Vi kan samla in eller ta emot personlig information f\u00f6r ett antal syften som \u00e4r kopplade till v\u00e5r aff\u00e4rsverksamhet och som kan inkludera f\u00f6ljande: (klicka f\u00f6r att expandera)<details class=\"cmplz-dropdown dropdown-privacy-statement\"><summary><div><h3>1.1 Kontakt - via telefon, post, e-post och\/eller webbformul\u00e4r<\/h3><\/div><\/summary><p class=\"cmplz-subtitle\">F\u00f6r detta syfte anv\u00e4nder vi f\u00f6ljande uppgifter:<\/p><p><ul><li>Ett f\u00f6r-och efternamn<\/li><li>En hem eller annan fysisk adress inklusive gatunamn och namn p\u00e5 stad<\/li><li>En e-postadress<\/li><\/ul><\/p><p class=\"cmplz-subtitle\">Den grund p\u00e5 vilken vi kan behandla dessa uppgifter \u00e4r:<\/p><p><a target=\"_blank\" rel=\"noopener noreferrer nofollow\" href=\"https:\/\/cookiedatabase.org\/legal-bases\/#consent\">Efter att samtycke har l\u00e4mnats.<\/a><\/p><p class=\"cmplz-subtitle\">Lagringsperiod<\/p><p>Vi beh\u00e5ller dessa uppgifter tills tj\u00e4nsten avslutas.<\/p><\/details><details class=\"cmplz-dropdown dropdown-privacy-statement\"><summary><div><h3>1.2 Betalningar<\/h3><\/div><\/summary><p class=\"cmplz-subtitle\">F\u00f6r detta syfte anv\u00e4nder vi f\u00f6ljande uppgifter:<\/p><p><ul><li>Ett f\u00f6r-och efternamn<\/li><li>En hem eller annan fysisk adress inklusive gatunamn och namn p\u00e5 stad<\/li><li>En e-postadress<\/li><li>Ett telefonnummer<\/li><\/ul><\/p><p class=\"cmplz-subtitle\">Den grund p\u00e5 vilken vi kan behandla dessa uppgifter \u00e4r:<\/p><p><a target=\"_blank\" rel=\"noopener noreferrer nofollow\" href=\"https:\/\/cookiedatabase.org\/legal-bases\/#consent\">Efter att samtycke har l\u00e4mnats.<\/a><\/p><p class=\"cmplz-subtitle\">Lagringsperiod<\/p><p>Vi beh\u00e5ller dessa uppgifter tills tj\u00e4nsten avslutas.<\/p><\/details><h2>2. Cookies<\/h2><p>V\u00e5r webbplats anv\u00e4nder cookies. F\u00f6r mer information om cookies, se v\u00e5r <a href=\"https:\/\/kamurestaurant.fi\/sv\/cookiepolicy\/\">Cookiepolicy<\/a>.&nbsp;<\/p><h2>3. Praxis f\u00f6r offentligg\u00f6rande av uppgifter<\/h2><p><p>Vi l\u00e4mnar ut personuppgifter om vi \u00e4r skyldiga att l\u00e4mna ut dem enligt lag eller domstolsbeslut, som svar p\u00e5 ett brottsbek\u00e4mpande organ, i den m\u00e5n det \u00e4r till\u00e5tet enligt andra best\u00e4mmelser i lagen, f\u00f6r att tillhandah\u00e5lla information eller f\u00f6r en utredning av en fr\u00e5ga som r\u00f6r den allm\u00e4nna s\u00e4kerheten.<\/p><p>Om v\u00e5r webbplats eller organisation tas \u00f6ver, s\u00e4ljs eller \u00e4r inblandad i en sammanslagning eller ett f\u00f6rv\u00e4rv kan dina uppgifter avsl\u00f6jas f\u00f6r v\u00e5ra r\u00e5dgivare och eventuella potentiella k\u00f6pare och \u00f6verl\u00e4mnas till de nya \u00e4garna.<\/p><\/p><p>Vi har ing\u00e5tt ett databehandlingsavtal med Google.<\/p><p>Vi blockerar uppgifter om fullst\u00e4ndiga IP-adresser.<\/p><h2>4. S\u00e4kerhet<\/h2><p>Vi har \u00e5tagit oss att skydda personuppgifter. Vi vidtar l\u00e4mpliga s\u00e4kerhets\u00e5tg\u00e4rder f\u00f6r att begr\u00e4nsa missbruk av och obeh\u00f6rig \u00e5tkomst till personuppgifter. Detta s\u00e4kerst\u00e4ller att endast n\u00f6dv\u00e4ndiga personer har tillg\u00e5ng till dina uppgifter, att tillg\u00e5ngen till uppgifterna \u00e4r skyddad och att v\u00e5ra s\u00e4kerhets\u00e5tg\u00e4rder regelbundet ses \u00f6ver.<\/p><h2>5. Tredje-parts webbplatser<\/h2><p>Denna integritetspolicy g\u00e4ller inte f\u00f6r webbplatser fr\u00e5n tredje-part som \u00e4r anslutna via l\u00e4nkar p\u00e5 v\u00e5r webbplats. Vi kan inte garantera att dessa tredje parter hanterar dina personuppgifter p\u00e5 ett tillf\u00f6rlitligt eller s\u00e4kert s\u00e4tt. Vi rekommenderar att du l\u00e4ser dessa webbplatsers integritetspolicy innan du anv\u00e4nder dessa webbplatser.<\/p><h2>6. \u00c4ndringar av denna integritetspolicy<\/h2><p>Vi f\u00f6rbeh\u00e5ller oss r\u00e4tten att g\u00f6ra \u00e4ndringar i denna integritetspolicy. Vi rekommenderar att du regelbundet l\u00e4ser denna integritetspolicy f\u00f6r att f\u00e5 k\u00e4nnedom om eventuella \u00e4ndringar. Dessutom kommer vi att aktivt informera dig n\u00e4r det \u00e4r m\u00f6jligt.<\/p><h2>7. Tillg\u00e5ng till och \u00e4ndring av dina uppgifter<\/h2><p>Om du har n\u00e5gra fr\u00e5gor eller vill veta vilka personuppgifter vi har om dig, v\u00e4nligen kontakta oss. Du kan kontakta oss genom att anv\u00e4nda informationen nedan. Du har f\u00f6ljande r\u00e4ttigheter:<\/p><ul>\n                <li>Du har r\u00e4tt att f\u00e5 veta varf\u00f6r dina personuppgifter beh\u00f6vs, vad som kommer att h\u00e4nda med dem och hur l\u00e4nge de kommer att sparas.<\/li>\n                <li>R\u00e4tt till tillg\u00e5ng: Du har r\u00e4tt att f\u00e5 tillg\u00e5ng till dina personuppgifter som vi k\u00e4nner till.<\/li>\n                <li>R\u00e4tt till r\u00e4ttelse: Du har r\u00e4tt att komplettera, korrigera, f\u00e5 dina personuppgifter raderade eller blockerade n\u00e4r du vill.<\/li>\n                <li>Om du ger oss ditt samtycke till att behandla dina uppgifter har du r\u00e4tt att \u00e5terkalla detta samtycke och f\u00e5 dina personuppgifter raderade.<\/li>\n                <li>R\u00e4tt att \u00f6verf\u00f6ra dina uppgifter: Du har r\u00e4tt att beg\u00e4ra ut alla dina personuppgifter fr\u00e5n den personuppgiftsansvarige och \u00f6verf\u00f6ra dem i sin helhet till en annan personuppgiftsansvarig.<\/li>\n                <li>R\u00e4tt att inv\u00e4nda: Du kan inv\u00e4nda mot behandlingen av dina uppgifter. Vi tar h\u00e4nsyn till detta, om det inte finns motiverade sk\u00e4l f\u00f6r behandlingen.<\/li>\n            <\/ul><p>Se till att du alltid tydligt anger vem du \u00e4r, s\u00e5 att vi kan vara s\u00e4kra p\u00e5 att vi inte \u00e4ndrar eller raderar uppgifter om fel person.<\/p><h2>8. Inl\u00e4mning av klagom\u00e5l<\/h2><p>Om du inte \u00e4r n\u00f6jd med det s\u00e4tt p\u00e5 vilket vi hanterar (ett klagom\u00e5l om) behandlingen av dina personuppgifter har du r\u00e4tt att l\u00e4mna in ett klagom\u00e5l till dataskyddsmyndigheten.<\/p><h2>9. Kontaktuppgifter<\/h2><p>Oy Nelimauste Ab<br \/>\n        Skr\u00e4bb\u00f6lentie 2, 21600 Parainen<br \/>\n        Finland<br \/>\n        Webbplats: <a href=\"https:\/\/kamurestaurant.fi\/sv\/\">https:\/\/kamurestaurant.fi\/sv\/<\/a> <br \/>\n        E-post: <span class=\"cmplz-obfuscate\">ka&#109;&#117;@<span class=\"cmplz-fmail-domain\">e&#120;&#046;c&#111;m<\/span>k&#097;&#109;u&#114;estau&#114;an&#116;.f&#105;<\/span> <br \/>\n        Telefonnummer: 0504524049<\/p><h2>Bilaga<\/h2><p><h3><span style=\"font-size: 16px\">T\u00e4m\u00e4 esimerkkiteksti sis\u00e4lt\u00e4\u00e4 perusasiat tiedoista joita kauppasi voi mahdollisesti ker\u00e4t\u00e4, tallentaa ja jakaa ja lis\u00e4ksi kenell\u00e4 on p\u00e4\u00e4sy tietoihin. Riippuen asetuksista ja k\u00e4yt\u00f6ss\u00e4 olevista lis\u00e4osista, eri kauppojen jakamat tiedot voivat vaihdella. Suosittelemme kysym\u00e4\u00e4n lakihenkil\u00f6lt\u00e4 mit\u00e4 tietoja voit paljastaa yksityisyydensuojassa.<\/span><\/h3>\r\n<div class=\"wp-suggested-text\">\r\n\r\nKer\u00e4\u00e4mme tietoja sinusta kaupan kassalla.\r\n<h2>Mit\u00e4 ker\u00e4\u00e4mme ja s\u00e4ilyt\u00e4mme<\/h2>\r\nKun vierailet t\u00e4ll\u00e4 sivustolla, seuraamme:\r\n<ul>\r\n \t<li>Products you\u2019ve viewed: we\u2019ll use this to, for example, show you products you\u2019ve recently viewed<\/li>\r\n \t<li>Sijainti, IP-osoite ja selaimen tyyppi: N\u00e4iden avulla arvioimme verojen ja toimituskulujen m\u00e4\u00e4r\u00e4n<\/li>\r\n \t<li>Toimitusosoite: Kysymme t\u00e4t\u00e4, jotta voimme -esimerkiksi- arvioida toimituskulut ennen kuin teet tilauksen ja lopuksi l\u00e4hett\u00e4\u00e4 tilauksen.<\/li>\r\n<\/ul>\r\nK\u00e4yt\u00e4mme ev\u00e4steit\u00e4 my\u00f6s jotta s\u00e4ilyt\u00e4t ostoskorin sis\u00e4ll\u00f6n kun selaat sivustoa.\r\n<p class=\"privacy-policy-tutorial\">Huom.: Voit halutessasi kuvailla tarkemmin ev\u00e4steiden k\u00e4yt\u00f6n ja linkitt\u00e4\u00e4 t\u00e4\u00e4lt\u00e4 ev\u00e4steiden selostukseen.<\/p>\r\nKun ostat meilt\u00e4, pyyd\u00e4mme tietoja kuten nimi, laskutusosoite, toimitusosoite, s\u00e4hk\u00f6postiosoite, puhelinnumero, luottokortin tai maksamisen tiedot ja valinnaiset k\u00e4ytt\u00e4j\u00e4tilin tiedot kuten k\u00e4ytt\u00e4j\u00e4tunnus ja salasana. K\u00e4yt\u00e4mme n\u00e4it\u00e4 tietoja tarkoituksiin kuten :\r\n<ul>\r\n \t<li>L\u00e4hett\u00e4\u00e4 tietoja tilist\u00e4si ja tilauksesta<\/li>\r\n \t<li>Vastata pyynt\u00f6ihisi, mukaan lukien hyvitykset ja valitukset<\/li>\r\n \t<li>K\u00e4sitell\u00e4 maksuja ja est\u00e4\u00e4 petollista toimintaa<\/li>\r\n \t<li>Luoda k\u00e4ytt\u00e4j\u00e4tilisi kauppaamme<\/li>\r\n \t<li>Noudattaa kaikkia lain velvotteita, kuten verojen maksaminen<\/li>\r\n \t<li>Parantaa kaupan tarjontaa<\/li>\r\n \t<li>L\u00e4hett\u00e4\u00e4 markkinointiviestej\u00e4, jos valitset ett\u00e4 haluat vastaanottaa niit\u00e4.<\/li>\r\n<\/ul>\r\nJos luot tilin, tallennamme nimen, osoitteen, s\u00e4hk\u00f6postiosoitteen ja puhelinnumeron joita k\u00e4ytet\u00e4\u00e4n kassalla t\u00e4ytt\u00e4m\u00e4\u00e4n kentti\u00e4 tulevissa tilauksissa.\r\n\r\nYleens\u00e4 s\u00e4ilyt\u00e4mme tietojasi niin kauan kuin tarvitsemme niit\u00e4 niihin tarkoituksiin joita varten ker\u00e4\u00e4mme tiedot ja k\u00e4yt\u00e4mme tietoja ja niin kauan kuin meid\u00e4n on ne lain mukaan s\u00e4ilytett\u00e4v\u00e4. Esimerkiksi, s\u00e4ilyt\u00e4mme kaupan tiedot (?) vuodeksi verotusta ja kirjanpitoa varten.T\u00e4m\u00e4 sis\u00e4lt\u00e4\u00e4 nimen, s\u00e4hk\u00f6postiosoitteen ja laskutus- ja toimitusosoitteet.\r\n\r\nTallennamme my\u00f6s kaupan kommentit ja tuotearvioinnit jos kirjoitat sellaisia.\r\n<h2>Ketk\u00e4 tiimist\u00e4mme p\u00e4\u00e4sev\u00e4t k\u00e4siksi<\/h2>\r\nTiimimme j\u00e4senet p\u00e4\u00e4sev\u00e4t tietoihin joita annat meille. Esimerksi, sek\u00e4 Yll\u00e4pit\u00e4j\u00e4t ett\u00e4 Kauppiaat p\u00e4\u00e4sev\u00e4t n\u00e4ihin:\r\n<ul>\r\n \t<li>Tilaustiedot kuten mit\u00e4 ja milloin ostettiin ja minne tilaus l\u00e4hetettiin sek\u00e4<\/li>\r\n \t<li>Asiakkaan tiedot kuten nimi, s\u00e4hk\u00f6postiosoite ja laskutus- ja toimitus tiedot.<\/li>\r\n<\/ul>\r\nTiimimme j\u00e4senet p\u00e4\u00e4sev\u00e4t n\u00e4ihin tietoihin jotta voivat t\u00e4ytt\u00e4\u00e4 tilaukset, k\u00e4sitell\u00e4 hyvitykset ja voivat tarjota tukea.\r\n<h2>Mit\u00e4 jaamme muiden kanssa<\/h2>\r\n<p class=\"privacy-policy-tutorial\">T\u00e4ss\u00e4 osassa sinun tulisi listata kenen kanssa jaat tietoja ja mit\u00e4 tarkoitusta varten. T\u00e4m\u00e4 voi sis\u00e4lt\u00e4\u00e4, mutta ei rajoitu, sivuston analytiikkaan, markkinointiin, maksuk\u00e4yt\u00e4viin, toimittajiin ja kolmannen osapuolen upotuksiin sivustolla.<\/p>\r\nJaamme tietoja niiden kolmansien osapuolten kanssa jotka auttavat meit\u00e4 k\u00e4sittelem\u00e4\u00e4n tilauksia ja tuottamaan sivuston palveluita; esimerkiksi --\r\n<h3>Maksut<\/h3>\r\n<p class=\"privacy-policy-tutorial\">T\u00e4ss\u00e4 osassa sinun tulisi listata ne kolmannen osapuolen maksuk\u00e4yt\u00e4v\u00e4t joita k\u00e4yt\u00e4t sivustolla maksujen vastaanottamisessa koska ne voivat k\u00e4sitell\u00e4 asiakkaan tietoja. Olemme sis\u00e4llytt\u00e4neet PayPal:in esimerkkin\u00e4, mutta poista se jos et k\u00e4yt\u00e4 PayPal-maksupalvelua.<\/p>\r\nHyv\u00e4ksymme PayPal-maksuja. Kun maksuja k\u00e4sitell\u00e4\u00e4n, joitakin tietojasi siirret\u00e4\u00e4n PayPal-maksupalveluun. N\u00e4it\u00e4 tietoja ovat mm. tiedot joita tarvitaan maksun toteuttamisessa tai -tukemisessa, esimerkiksi ostosten kokonaissumma ja laskutus tiedot.\r\n\r\nKatso <a href=\"https:\/\/www.paypal.com\/us\/webapps\/mpp\/ua\/privacy-full\">t\u00e4\u00e4lt\u00e4 lis\u00e4\u00e4 PayPal yksityisyydensuojasta<\/a>.\r\n\r\n<\/div>\r\n<h3>WPML Media Translation<\/h3>\r\nWPML Media Translation will send the email address and name of each manager and assigned translator as well as the content itself to Advanced Translation Editor and to the translation services which are used.\r\n<h3>WPML String Translation<\/h3>\r\nWPML String Translation will send all strings to WPML\u2019s Advanced Translation Editor and to the translation services which are used.\r\n<h3>Complianz | The Privacy Suite for WordPress<\/h3>\r\nT\u00e4m\u00e4 verkkosivusto k\u00e4ytt\u00e4\u00e4 Complianzin Privacy Suite for WordPress -sovellusta selain- ja laitepohjaisen suostumuksen ker\u00e4\u00e4miseen ja tallentamiseen. T\u00e4t\u00e4 toimintoa varten IP-osoitteesi anonymisoidaan ja tallennetaan tietokantaamme.\u00a0T\u00e4m\u00e4 palvelu ei k\u00e4sittele mit\u00e4\u00e4n henkil\u00f6kohtaisia tunnistetietoja eik\u00e4 jaa tietoja palveluntarjoajan kanssa.\u00a0Lis\u00e4tietoja on Complianzin <a href=\"https:\/\/complianz.io\/legal\/privacy-statement\/\">Tietosuojalausunnossa<\/a>.<\/p><\/div><\/div>\n\t\t\t\t\t\t<\/div>\n\t\t\t\t<\/div>\n\t\t\t\t\t<\/div>\n\t\t<\/div>\n\t\t\t\t\t<\/div>\n\t\t<\/section>\n\t\t\t\t<\/div>\n\t\t","protected":false},"excerpt":{"rendered":"","protected":false},"author":1,"featured_media":0,"parent":0,"menu_order":0,"comment_status":"closed","ping_status":"closed","template":"","meta":{"_acf_changed":false,"ocean_post_layout":"","ocean_both_sidebars_style":"","ocean_both_sidebars_content_width":0,"ocean_both_sidebars_sidebars_width":0,"ocean_sidebar":"0","ocean_second_sidebar":"0","ocean_disable_margins":"enable","ocean_add_body_class":"","ocean_shortcode_before_top_bar":"","ocean_shortcode_after_top_bar":"","ocean_shortcode_before_header":"","ocean_shortcode_after_header":"[elementor-template id=\"721\"]","ocean_has_shortcode":"","ocean_shortcode_after_title":"","ocean_shortcode_before_footer_widgets":"","ocean_shortcode_after_footer_widgets":"","ocean_shortcode_before_footer_bottom":"","ocean_shortcode_after_footer_bottom":"","ocean_display_top_bar":"default","ocean_display_header":"default","ocean_header_style":"","ocean_center_header_left_menu":"0","ocean_custom_header_template":"0","ocean_custom_logo":0,"ocean_custom_retina_logo":0,"ocean_custom_logo_max_width":0,"ocean_custom_logo_tablet_max_width":0,"ocean_custom_logo_mobile_max_width":0,"ocean_custom_logo_max_height":0,"ocean_custom_logo_tablet_max_height":0,"ocean_custom_logo_mobile_max_height":0,"ocean_header_custom_menu":"0","ocean_menu_typo_font_family":"0","ocean_menu_typo_font_subset":"","ocean_menu_typo_font_size":0,"ocean_menu_typo_font_size_tablet":0,"ocean_menu_typo_font_size_mobile":0,"ocean_menu_typo_font_size_unit":"px","ocean_menu_typo_font_weight":"","ocean_menu_typo_font_weight_tablet":"","ocean_menu_typo_font_weight_mobile":"","ocean_menu_typo_transform":"","ocean_menu_typo_transform_tablet":"","ocean_menu_typo_transform_mobile":"","ocean_menu_typo_line_height":0,"ocean_menu_typo_line_height_tablet":0,"ocean_menu_typo_line_height_mobile":0,"ocean_menu_typo_line_height_unit":"","ocean_menu_typo_spacing":0,"ocean_menu_typo_spacing_tablet":0,"ocean_menu_typo_spacing_mobile":0,"ocean_menu_typo_spacing_unit":"","ocean_menu_link_color":"","ocean_menu_link_color_hover":"","ocean_menu_link_color_active":"","ocean_menu_link_background":"","ocean_menu_link_hover_background":"","ocean_menu_link_active_background":"","ocean_menu_social_links_bg":"","ocean_menu_social_hover_links_bg":"","ocean_menu_social_links_color":"","ocean_menu_social_hover_links_color":"","ocean_disable_title":"default","ocean_disable_heading":"default","ocean_post_title":"","ocean_post_subheading":"","ocean_post_title_style":"","ocean_post_title_background_color":"","ocean_post_title_background":0,"ocean_post_title_bg_image_position":"","ocean_post_title_bg_image_attachment":"","ocean_post_title_bg_image_repeat":"","ocean_post_title_bg_image_size":"","ocean_post_title_height":0,"ocean_post_title_bg_overlay":0.5,"ocean_post_title_bg_overlay_color":"","ocean_disable_breadcrumbs":"default","ocean_breadcrumbs_color":"","ocean_breadcrumbs_separator_color":"","ocean_breadcrumbs_links_color":"","ocean_breadcrumbs_links_hover_color":"","ocean_display_footer_widgets":"default","ocean_display_footer_bottom":"default","ocean_custom_footer_template":"0","osh_disable_topbar_sticky":"default","osh_disable_header_sticky":"default","osh_sticky_header_style":"default","osh_sticky_header_effect":"","osh_custom_sticky_logo":0,"osh_custom_retina_sticky_logo":0,"osh_custom_sticky_logo_height":0,"osh_background_color":"","osh_links_color":"","osh_links_hover_color":"","osh_links_active_color":"","osh_links_bg_color":"","osh_links_hover_bg_color":"","osh_links_active_bg_color":"","osh_menu_social_links_color":"","osh_menu_social_hover_links_color":"","footnotes":""},"class_list":["post-1091","page","type-page","status-publish","hentry","entry","owp-thumbs-layout-horizontal","owp-btn-normal","owp-tabs-layout-section","has-no-thumbnails"],"acf":[],"yoast_head":"<!-- This site is optimized with the Yoast SEO plugin v27.4 - https:\/\/yoast.com\/product\/yoast-seo-wordpress\/ -->\n<title>Sekretesspolicy - Kamu Restaurant<\/title>\n<meta name=\"robots\" content=\"index, follow, max-snippet:-1, max-image-preview:large, max-video-preview:-1\" \/>\n<link rel=\"canonical\" href=\"https:\/\/kamurestaurant.fi\/sv\/sekretesspolicy\/\" \/>\n<meta property=\"og:locale\" content=\"sv_SE\" \/>\n<meta property=\"og:type\" content=\"article\" \/>\n<meta property=\"og:title\" content=\"Sekretesspolicy - Kamu Restaurant\" \/>\n<meta property=\"og:url\" content=\"https:\/\/kamurestaurant.fi\/sv\/sekretesspolicy\/\" \/>\n<meta property=\"og:site_name\" content=\"Kamu Restaurant\" \/>\n<meta property=\"article:modified_time\" content=\"2023-09-04T09:21:06+00:00\" \/>\n<meta name=\"twitter:card\" content=\"summary_large_image\" \/>\n<script type=\"application\/ld+json\" class=\"yoast-schema-graph\">{\"@context\":\"https:\\\/\\\/schema.org\",\"@graph\":[{\"@type\":\"WebPage\",\"@id\":\"https:\\\/\\\/kamurestaurant.fi\\\/sv\\\/sekretesspolicy\\\/\",\"url\":\"https:\\\/\\\/kamurestaurant.fi\\\/sv\\\/sekretesspolicy\\\/\",\"name\":\"Sekretesspolicy - Kamu Restaurant\",\"isPartOf\":{\"@id\":\"https:\\\/\\\/kamurestaurant.fi\\\/#website\"},\"datePublished\":\"2021-11-26T06:45:55+00:00\",\"dateModified\":\"2023-09-04T09:21:06+00:00\",\"breadcrumb\":{\"@id\":\"https:\\\/\\\/kamurestaurant.fi\\\/sv\\\/sekretesspolicy\\\/#breadcrumb\"},\"inLanguage\":\"sv-SE\",\"potentialAction\":[{\"@type\":\"ReadAction\",\"target\":[\"https:\\\/\\\/kamurestaurant.fi\\\/sv\\\/sekretesspolicy\\\/\"]}]},{\"@type\":\"BreadcrumbList\",\"@id\":\"https:\\\/\\\/kamurestaurant.fi\\\/sv\\\/sekretesspolicy\\\/#breadcrumb\",\"itemListElement\":[{\"@type\":\"ListItem\",\"position\":1,\"name\":\"Home\",\"item\":\"https:\\\/\\\/kamurestaurant.fi\\\/sv\\\/\"},{\"@type\":\"ListItem\",\"position\":2,\"name\":\"Sekretesspolicy\"}]},{\"@type\":\"WebSite\",\"@id\":\"https:\\\/\\\/kamurestaurant.fi\\\/#website\",\"url\":\"https:\\\/\\\/kamurestaurant.fi\\\/\",\"name\":\"Kamu Restaurant\",\"description\":\"Lounasravintola Paraisilla\",\"publisher\":{\"@id\":\"https:\\\/\\\/kamurestaurant.fi\\\/#organization\"},\"potentialAction\":[{\"@type\":\"SearchAction\",\"target\":{\"@type\":\"EntryPoint\",\"urlTemplate\":\"https:\\\/\\\/kamurestaurant.fi\\\/?s={search_term_string}\"},\"query-input\":{\"@type\":\"PropertyValueSpecification\",\"valueRequired\":true,\"valueName\":\"search_term_string\"}}],\"inLanguage\":\"sv-SE\"},{\"@type\":\"Organization\",\"@id\":\"https:\\\/\\\/kamurestaurant.fi\\\/#organization\",\"name\":\"Kamu Restaurant\",\"url\":\"https:\\\/\\\/kamurestaurant.fi\\\/\",\"logo\":{\"@type\":\"ImageObject\",\"inLanguage\":\"sv-SE\",\"@id\":\"https:\\\/\\\/kamurestaurant.fi\\\/#\\\/schema\\\/logo\\\/image\\\/\",\"url\":\"https:\\\/\\\/kamurestaurant.sivustamo.com\\\/wp-content\\\/uploads\\\/2020\\\/04\\\/kamu_logo.svg\",\"contentUrl\":\"https:\\\/\\\/kamurestaurant.sivustamo.com\\\/wp-content\\\/uploads\\\/2020\\\/04\\\/kamu_logo.svg\",\"width\":499,\"height\":262,\"caption\":\"Kamu Restaurant\"},\"image\":{\"@id\":\"https:\\\/\\\/kamurestaurant.fi\\\/#\\\/schema\\\/logo\\\/image\\\/\"}}]}<\/script>\n<!-- \/ Yoast SEO plugin. -->","yoast_head_json":{"title":"Sekretesspolicy - Kamu Restaurant","robots":{"index":"index","follow":"follow","max-snippet":"max-snippet:-1","max-image-preview":"max-image-preview:large","max-video-preview":"max-video-preview:-1"},"canonical":"https:\/\/kamurestaurant.fi\/sv\/sekretesspolicy\/","og_locale":"sv_SE","og_type":"article","og_title":"Sekretesspolicy - Kamu Restaurant","og_url":"https:\/\/kamurestaurant.fi\/sv\/sekretesspolicy\/","og_site_name":"Kamu Restaurant","article_modified_time":"2023-09-04T09:21:06+00:00","twitter_card":"summary_large_image","schema":{"@context":"https:\/\/schema.org","@graph":[{"@type":"WebPage","@id":"https:\/\/kamurestaurant.fi\/sv\/sekretesspolicy\/","url":"https:\/\/kamurestaurant.fi\/sv\/sekretesspolicy\/","name":"Sekretesspolicy - Kamu Restaurant","isPartOf":{"@id":"https:\/\/kamurestaurant.fi\/#website"},"datePublished":"2021-11-26T06:45:55+00:00","dateModified":"2023-09-04T09:21:06+00:00","breadcrumb":{"@id":"https:\/\/kamurestaurant.fi\/sv\/sekretesspolicy\/#breadcrumb"},"inLanguage":"sv-SE","potentialAction":[{"@type":"ReadAction","target":["https:\/\/kamurestaurant.fi\/sv\/sekretesspolicy\/"]}]},{"@type":"BreadcrumbList","@id":"https:\/\/kamurestaurant.fi\/sv\/sekretesspolicy\/#breadcrumb","itemListElement":[{"@type":"ListItem","position":1,"name":"Home","item":"https:\/\/kamurestaurant.fi\/sv\/"},{"@type":"ListItem","position":2,"name":"Sekretesspolicy"}]},{"@type":"WebSite","@id":"https:\/\/kamurestaurant.fi\/#website","url":"https:\/\/kamurestaurant.fi\/","name":"Kamu Restaurant","description":"Lounasravintola Paraisilla","publisher":{"@id":"https:\/\/kamurestaurant.fi\/#organization"},"potentialAction":[{"@type":"SearchAction","target":{"@type":"EntryPoint","urlTemplate":"https:\/\/kamurestaurant.fi\/?s={search_term_string}"},"query-input":{"@type":"PropertyValueSpecification","valueRequired":true,"valueName":"search_term_string"}}],"inLanguage":"sv-SE"},{"@type":"Organization","@id":"https:\/\/kamurestaurant.fi\/#organization","name":"Kamu Restaurant","url":"https:\/\/kamurestaurant.fi\/","logo":{"@type":"ImageObject","inLanguage":"sv-SE","@id":"https:\/\/kamurestaurant.fi\/#\/schema\/logo\/image\/","url":"https:\/\/kamurestaurant.sivustamo.com\/wp-content\/uploads\/2020\/04\/kamu_logo.svg","contentUrl":"https:\/\/kamurestaurant.sivustamo.com\/wp-content\/uploads\/2020\/04\/kamu_logo.svg","width":499,"height":262,"caption":"Kamu Restaurant"},"image":{"@id":"https:\/\/kamurestaurant.fi\/#\/schema\/logo\/image\/"}}]}},"_links":{"self":[{"href":"https:\/\/kamurestaurant.fi\/sv\/wp-json\/wp\/v2\/pages\/1091","targetHints":{"allow":["GET"]}}],"collection":[{"href":"https:\/\/kamurestaurant.fi\/sv\/wp-json\/wp\/v2\/pages"}],"about":[{"href":"https:\/\/kamurestaurant.fi\/sv\/wp-json\/wp\/v2\/types\/page"}],"author":[{"embeddable":true,"href":"https:\/\/kamurestaurant.fi\/sv\/wp-json\/wp\/v2\/users\/1"}],"replies":[{"embeddable":true,"href":"https:\/\/kamurestaurant.fi\/sv\/wp-json\/wp\/v2\/comments?post=1091"}],"version-history":[{"count":3,"href":"https:\/\/kamurestaurant.fi\/sv\/wp-json\/wp\/v2\/pages\/1091\/revisions"}],"predecessor-version":[{"id":1094,"href":"https:\/\/kamurestaurant.fi\/sv\/wp-json\/wp\/v2\/pages\/1091\/revisions\/1094"}],"wp:attachment":[{"href":"https:\/\/kamurestaurant.fi\/sv\/wp-json\/wp\/v2\/media?parent=1091"}],"curies":[{"name":"wp","href":"https:\/\/api.w.org\/{rel}","templated":true}]}}